{"id":1059,"date":"2025-09-10T16:22:42","date_gmt":"2025-09-10T14:22:42","guid":{"rendered":"https:\/\/preventas.ch\/a-propos-de\/"},"modified":"2026-02-18T08:14:37","modified_gmt":"2026-02-18T06:14:37","slug":"a-propos-de","status":"publish","type":"page","link":"https:\/\/preventas.ch\/fr\/a-propos-de\/","title":{"rendered":"A propos"},"content":{"rendered":"","protected":false},"excerpt":{"rendered":"","protected":false},"author":1,"featured_media":0,"parent":0,"menu_order":0,"comment_status":"closed","ping_status":"closed","template":"","meta":{"_acf_changed":false,"footnotes":""},"class_list":["post-1059","page","type-page","status-publish","hentry"],"acf":[],"yoast_head":"<!-- This site is optimized with the Yoast SEO plugin v26.4 - https:\/\/yoast.com\/wordpress\/plugins\/seo\/ -->\n<title>Pioneering Early Detection &amp; Preventive Care - Preventas<\/title>\n<meta name=\"description\" content=\"Preventas, fond\u00e9 en 2025, offre une excellence suisse en mati\u00e8re de m\u00e9decine pr\u00e9ventive en combinant des diagnostic personnalis\u00e9s avanc\u00e9s apportant une tranquilit\u00e9 d&#039;esprit.\" \/>\n<meta name=\"robots\" content=\"index, follow, max-snippet:-1, max-image-preview:large, max-video-preview:-1\" \/>\n<link rel=\"canonical\" href=\"https:\/\/preventas.ch\/fr\/a-propos-de\/\" \/>\n<meta property=\"og:locale\" content=\"fr_FR\" \/>\n<meta property=\"og:type\" content=\"article\" \/>\n<meta property=\"og:title\" content=\"Pioneering Early Detection &amp; Preventive Care - Preventas\" \/>\n<meta property=\"og:description\" content=\"Preventas, fond\u00e9 en 2025, offre une excellence suisse en mati\u00e8re de m\u00e9decine pr\u00e9ventive en combinant des diagnostic personnalis\u00e9s avanc\u00e9s apportant une tranquilit\u00e9 d&#039;esprit.\" \/>\n<meta property=\"og:url\" content=\"https:\/\/preventas.ch\/fr\/a-propos-de\/\" \/>\n<meta property=\"og:site_name\" content=\"Preventas\" \/>\n<meta property=\"article:modified_time\" content=\"2026-02-18T06:14:37+00:00\" \/>\n<meta name=\"twitter:card\" content=\"summary_large_image\" \/>\n<meta name=\"twitter:label1\" content=\"Dur\u00e9e de lecture estim\u00e9e\" \/>\n\t<meta name=\"twitter:data1\" content=\"3 minutes\" \/>\n<script type=\"application\/ld+json\" class=\"yoast-schema-graph\">{\"@context\":\"https:\/\/schema.org\",\"@graph\":[{\"@type\":\"WebPage\",\"@id\":\"https:\/\/preventas.ch\/fr\/a-propos-de\/\",\"url\":\"https:\/\/preventas.ch\/fr\/a-propos-de\/\",\"name\":\"Pioneering Early Detection & Preventive Care - Preventas\",\"isPartOf\":{\"@id\":\"https:\/\/preventas.ch\/#website\"},\"datePublished\":\"2025-09-10T14:22:42+00:00\",\"dateModified\":\"2026-02-18T06:14:37+00:00\",\"description\":\"Preventas, fond\u00e9 en 2025, offre une excellence suisse en mati\u00e8re de m\u00e9decine pr\u00e9ventive en combinant des diagnostic personnalis\u00e9s avanc\u00e9s apportant une tranquilit\u00e9 d'esprit.\",\"breadcrumb\":{\"@id\":\"https:\/\/preventas.ch\/fr\/a-propos-de\/#breadcrumb\"},\"inLanguage\":\"fr-FR\",\"potentialAction\":[{\"@type\":\"ReadAction\",\"target\":[\"https:\/\/preventas.ch\/fr\/a-propos-de\/\"]}]},{\"@type\":\"BreadcrumbList\",\"@id\":\"https:\/\/preventas.ch\/fr\/a-propos-de\/#breadcrumb\",\"itemListElement\":[{\"@type\":\"ListItem\",\"position\":1,\"name\":\"Home\",\"item\":\"https:\/\/preventas.ch\/fr\/\"},{\"@type\":\"ListItem\",\"position\":2,\"name\":\"A propos\"}]},{\"@type\":\"WebSite\",\"@id\":\"https:\/\/preventas.ch\/#website\",\"url\":\"https:\/\/preventas.ch\/\",\"name\":\"Preventas\",\"description\":\"\",\"publisher\":{\"@id\":\"https:\/\/preventas.ch\/#organization\"},\"potentialAction\":[{\"@type\":\"SearchAction\",\"target\":{\"@type\":\"EntryPoint\",\"urlTemplate\":\"https:\/\/preventas.ch\/?s={search_term_string}\"},\"query-input\":{\"@type\":\"PropertyValueSpecification\",\"valueRequired\":true,\"valueName\":\"search_term_string\"}}],\"inLanguage\":\"fr-FR\"},{\"@type\":\"Organization\",\"@id\":\"https:\/\/preventas.ch\/#organization\",\"name\":\"Preventas\",\"url\":\"https:\/\/preventas.ch\/\",\"logo\":{\"@type\":\"ImageObject\",\"inLanguage\":\"fr-FR\",\"@id\":\"https:\/\/preventas.ch\/#\/schema\/logo\/image\/\",\"url\":\"https:\/\/preventas.ch\/wp-content\/uploads\/2025\/10\/Logo-donkerblauw.svg\",\"contentUrl\":\"https:\/\/preventas.ch\/wp-content\/uploads\/2025\/10\/Logo-donkerblauw.svg\",\"width\":1,\"height\":1,\"caption\":\"Preventas\"},\"image\":{\"@id\":\"https:\/\/preventas.ch\/#\/schema\/logo\/image\/\"}}]}<\/script>\n<!-- \/ Yoast SEO plugin. -->","yoast_head_json":{"title":"Pioneering Early Detection & Preventive Care - Preventas","description":"Preventas, fond\u00e9 en 2025, offre une excellence suisse en mati\u00e8re de m\u00e9decine pr\u00e9ventive en combinant des diagnostic personnalis\u00e9s avanc\u00e9s apportant une tranquilit\u00e9 d'esprit.","robots":{"index":"index","follow":"follow","max-snippet":"max-snippet:-1","max-image-preview":"max-image-preview:large","max-video-preview":"max-video-preview:-1"},"canonical":"https:\/\/preventas.ch\/fr\/a-propos-de\/","og_locale":"fr_FR","og_type":"article","og_title":"Pioneering Early Detection & Preventive Care - Preventas","og_description":"Preventas, fond\u00e9 en 2025, offre une excellence suisse en mati\u00e8re de m\u00e9decine pr\u00e9ventive en combinant des diagnostic personnalis\u00e9s avanc\u00e9s apportant une tranquilit\u00e9 d'esprit.","og_url":"https:\/\/preventas.ch\/fr\/a-propos-de\/","og_site_name":"Preventas","article_modified_time":"2026-02-18T06:14:37+00:00","twitter_card":"summary_large_image","twitter_misc":{"Dur\u00e9e de lecture estim\u00e9e":"3 minutes"},"schema":{"@context":"https:\/\/schema.org","@graph":[{"@type":"WebPage","@id":"https:\/\/preventas.ch\/fr\/a-propos-de\/","url":"https:\/\/preventas.ch\/fr\/a-propos-de\/","name":"Pioneering Early Detection & Preventive Care - Preventas","isPartOf":{"@id":"https:\/\/preventas.ch\/#website"},"datePublished":"2025-09-10T14:22:42+00:00","dateModified":"2026-02-18T06:14:37+00:00","description":"Preventas, fond\u00e9 en 2025, offre une excellence suisse en mati\u00e8re de m\u00e9decine pr\u00e9ventive en combinant des diagnostic personnalis\u00e9s avanc\u00e9s apportant une tranquilit\u00e9 d'esprit.","breadcrumb":{"@id":"https:\/\/preventas.ch\/fr\/a-propos-de\/#breadcrumb"},"inLanguage":"fr-FR","potentialAction":[{"@type":"ReadAction","target":["https:\/\/preventas.ch\/fr\/a-propos-de\/"]}]},{"@type":"BreadcrumbList","@id":"https:\/\/preventas.ch\/fr\/a-propos-de\/#breadcrumb","itemListElement":[{"@type":"ListItem","position":1,"name":"Home","item":"https:\/\/preventas.ch\/fr\/"},{"@type":"ListItem","position":2,"name":"A propos"}]},{"@type":"WebSite","@id":"https:\/\/preventas.ch\/#website","url":"https:\/\/preventas.ch\/","name":"Preventas","description":"","publisher":{"@id":"https:\/\/preventas.ch\/#organization"},"potentialAction":[{"@type":"SearchAction","target":{"@type":"EntryPoint","urlTemplate":"https:\/\/preventas.ch\/?s={search_term_string}"},"query-input":{"@type":"PropertyValueSpecification","valueRequired":true,"valueName":"search_term_string"}}],"inLanguage":"fr-FR"},{"@type":"Organization","@id":"https:\/\/preventas.ch\/#organization","name":"Preventas","url":"https:\/\/preventas.ch\/","logo":{"@type":"ImageObject","inLanguage":"fr-FR","@id":"https:\/\/preventas.ch\/#\/schema\/logo\/image\/","url":"https:\/\/preventas.ch\/wp-content\/uploads\/2025\/10\/Logo-donkerblauw.svg","contentUrl":"https:\/\/preventas.ch\/wp-content\/uploads\/2025\/10\/Logo-donkerblauw.svg","width":1,"height":1,"caption":"Preventas"},"image":{"@id":"https:\/\/preventas.ch\/#\/schema\/logo\/image\/"}}]}},"_links":{"self":[{"href":"https:\/\/preventas.ch\/fr\/wp-json\/wp\/v2\/pages\/1059","targetHints":{"allow":["GET"]}}],"collection":[{"href":"https:\/\/preventas.ch\/fr\/wp-json\/wp\/v2\/pages"}],"about":[{"href":"https:\/\/preventas.ch\/fr\/wp-json\/wp\/v2\/types\/page"}],"author":[{"embeddable":true,"href":"https:\/\/preventas.ch\/fr\/wp-json\/wp\/v2\/users\/1"}],"replies":[{"embeddable":true,"href":"https:\/\/preventas.ch\/fr\/wp-json\/wp\/v2\/comments?post=1059"}],"version-history":[{"count":3,"href":"https:\/\/preventas.ch\/fr\/wp-json\/wp\/v2\/pages\/1059\/revisions"}],"predecessor-version":[{"id":1677,"href":"https:\/\/preventas.ch\/fr\/wp-json\/wp\/v2\/pages\/1059\/revisions\/1677"}],"wp:attachment":[{"href":"https:\/\/preventas.ch\/fr\/wp-json\/wp\/v2\/media?parent=1059"}],"curies":[{"name":"wp","href":"https:\/\/api.w.org\/{rel}","templated":true}]}}